{"id":89,"date":"2024-01-17T14:29:09","date_gmt":"2024-01-17T13:29:09","guid":{"rendered":"https:\/\/naturophelie.be\/?page_id=89"},"modified":"2025-08-05T21:08:05","modified_gmt":"2025-08-05T19:08:05","slug":"naturopathie","status":"publish","type":"page","link":"https:\/\/naturophelie.be\/?page_id=89","title":{"rendered":"NaturOpathie"},"content":{"rendered":"\n<p><span style=\"color: rgb(76, 82, 80); font-family: Lato, sans-serif; font-size: 14px; white-space-collapse: collapse;\">La naturopathie est une approche qui vise la&nbsp;<\/span><strong style=\"box-sizing: inherit; border: 0px; font-family: Lato, sans-serif; font-size: 14px; margin: 0px; padding: 0px; vertical-align: baseline; color: rgb(76, 82, 80); white-space-collapse: collapse;\">compr\u00e9hension et la promotion du bien-\u00eatre<\/strong><span style=\"color: rgb(76, 82, 80); font-family: Lato, sans-serif; font-size: 14px; white-space-collapse: collapse;\">. Elle joue d\u00e8s lors un r\u00f4le important dans la&nbsp;<\/span><strong style=\"box-sizing: inherit; border: 0px; font-family: Lato, sans-serif; font-size: 14px; margin: 0px; padding: 0px; vertical-align: baseline; color: rgb(76, 82, 80); white-space-collapse: collapse;\">pr\u00e9vention et l\u2019\u00e9ducation<\/strong><span style=\"color: rgb(76, 82, 80); font-family: Lato, sans-serif; font-size: 14px; white-space-collapse: collapse;\">&nbsp;dans le but de rendre les personnes responsables et autonomes dans la gestion durable de leur bien-\u00eatre. Reconnue par l\u2019OMS (Organisation mondiale de la Sant\u00e9) comme \u00e9tant la 3\u00e8&nbsp;<\/span><strong style=\"box-sizing: inherit; border: 0px; font-family: Lato, sans-serif; font-size: 14px; margin: 0px; padding: 0px; vertical-align: baseline; color: rgb(76, 82, 80); white-space-collapse: collapse;\">m\u00e9decine traditionnelle<\/strong><span style=\"color: rgb(76, 82, 80); font-family: Lato, sans-serif; font-size: 14px; white-space-collapse: collapse;\">, aux c\u00f4t\u00e9s de la M\u00e9decine Traditionnelle Chinoise et de la M\u00e9decine Ayurv\u00e9dique, la naturopathie est une approche globale ou&nbsp;<\/span><strong style=\"box-sizing: inherit; border: 0px; font-family: Lato, sans-serif; font-size: 14px; margin: 0px; padding: 0px; vertical-align: baseline; color: rgb(76, 82, 80); white-space-collapse: collapse;\">holistique<\/strong><span style=\"color: rgb(76, 82, 80); font-family: Lato, sans-serif; font-size: 14px; white-space-collapse: collapse;\">&nbsp;(prend donc en consid\u00e9ration tous les aspects de la personne) et cherche \u00e0 agir, non pas sur le sympt\u00f4me, mais sur&nbsp;<\/span><strong style=\"box-sizing: inherit; border: 0px; font-family: Lato, sans-serif; font-size: 14px; margin: 0px; padding: 0px; vertical-align: baseline; color: rgb(76, 82, 80); white-space-collapse: collapse;\">la cause des troubles.<\/strong><span style=\"color: rgb(76, 82, 80); font-family: Lato, sans-serif; font-size: 14px; white-space-collapse: collapse;\">&nbsp;En naturopathie, la&nbsp;<\/span><strong style=\"box-sizing: inherit; border: 0px; font-family: Lato, sans-serif; font-size: 14px; margin: 0px; padding: 0px; vertical-align: baseline; color: rgb(76, 82, 80); white-space-collapse: collapse;\">recherche de la cause et la compr\u00e9hension de la gen\u00e8se<\/strong><span style=\"color: rgb(76, 82, 80); font-family: Lato, sans-serif; font-size: 14px; white-space-collapse: collapse;\">&nbsp;d\u2019un trouble priment sur le besoin imm\u00e9diat d\u2019en \u00e9teindre les sympt\u00f4mes.&nbsp;<\/span><strong style=\"box-sizing: inherit; border: 0px; font-family: Lato, sans-serif; font-size: 14px; margin: 0px; padding: 0px; vertical-align: baseline; color: rgb(76, 82, 80); white-space-collapse: collapse;\">Notre corps a une capacit\u00e9 inn\u00e9e \u00e0 s\u2019auto-gu\u00e9rir<\/strong><span style=\"color: rgb(76, 82, 80); font-family: Lato, sans-serif; font-size: 14px; white-space-collapse: collapse;\">&nbsp;et \u00e0 maintenir l\u2019<\/span><strong style=\"box-sizing: inherit; border: 0px; font-family: Lato, sans-serif; font-size: 14px; margin: 0px; padding: 0px; vertical-align: baseline; color: rgb(76, 82, 80); white-space-collapse: collapse;\">\u00e9quilibre<\/strong><span style=\"color: rgb(76, 82, 80); font-family: Lato, sans-serif; font-size: 14px; white-space-collapse: collapse;\">, et la naturopathie vise \u00e0 soutenir cette capacit\u00e9.<\/span><\/p>\n\n\n\n<h2 class=\"wp-block-heading\"><strong>Consultations individuelles en naturopathie&nbsp;<\/strong><\/h2>\n\n\n\n<p class=\"has-text-align-left\"><strong>Ces consultations sont faites pour vous si :<\/strong><\/p>\n\n\n\n<ul class=\"wp-block-list\">\n<li>Vous souhaitez&nbsp;<strong>optimiser votre capital sant\u00e9&nbsp;<\/strong>et le conserver le plus longtemps possible.&nbsp;<\/li>\n\n\n\n<li>Vous souhaitez une \u00e9coute et un&nbsp;<strong>accompagnement global&nbsp;<\/strong>de sant\u00e9.<\/li>\n\n\n\n<li>Vous vous sentez <strong>fatigu\u00e9.e<\/strong>, \u00e0 bout, en manque de solutions pour r\u00e9cup\u00e9rer de l\u2019\u00e9nergie.&nbsp;<\/li>\n\n\n\n<li>Vous avez un mauvais sommeil, vous \u00eates facilement <strong>irritable<\/strong>, vous avez des pulsions alimentaires ou autres addictions.&nbsp;<\/li>\n\n\n\n<li>Vous souhaitez diminuer votre <strong>stress<\/strong>, mieux g\u00e9rer vos \u00e9motions.&nbsp; <\/li>\n\n\n\n<li>Vous souhaitez \u00eatre inform\u00e9.e sur comment prendre de <strong>nouvelles habitudes <\/strong>et hygi\u00e8ne de vie, simplement.&nbsp;<\/li>\n\n\n\n<li>Vous souhaitez prendre un moment de qualit\u00e9 pour vous, pour mieux vous conna\u00eetre et&nbsp;<strong>comprendre les signaux de d\u00e9s\u00e9quilibres&nbsp;<\/strong>lanc\u00e9s par votre&nbsp;corps.<\/li>\n<\/ul>\n\n\n\n<p><strong>Mon approche&nbsp;<\/strong><\/p>\n\n\n\n<p>Je vous accompagne de mani\u00e8re positive, attentive et bienveillante sur le \u00abchemain \u00bb de votre sant\u00e9 et de votre plein \u00e9panouissement. Je tiens compte de vos besoins sp\u00e9cifiques et des diff\u00e9rents aspects de votre personne pour vous ouvrir le champ des possibilit\u00e9s et vous aider \u00e0 trouver des solutions ad\u00e9quates (pour vous !) et entamer les changements que vous souhaitez op\u00e9rer et que vous m\u00e9ritez.&nbsp;<\/p>\n\n\n\n<p>Tout au long de votre suivi, j\u2019aurai \u00e0 c\u0153ur de vous expliquer les m\u00e9canismes sous-jacents et vous proposerai des conseils adapt\u00e9s, avec encouragements dans les changements d\u2019habitudes de vie et l\u2019adoption de pratiques saines et naturelles pour \u00e9viter les inconforts \u00e0 l\u2019avenir.&nbsp;&nbsp;<\/p>\n\n\n\n<p><em>En fonction de votre probl\u00e9matique et de vos objectifs, 2 \u00e0 6 s\u00e9ances sont conseill\u00e9es (voir les diff\u00e9rentes formules propos\u00e9es dans \u00ab\u00a0<a href=\"https:\/\/naturophelie.be\/?page_id=64\">mes services<\/a>\u00ab\u00a0).<\/em><\/p>\n\n\n\n<p><strong><em>1er RDV (1h30) : Anamn\u00e8se et premi\u00e8res pistes<\/em><\/strong><\/p>\n\n\n\n<p>Lors de notre premi\u00e8re rencontre, vous me parlerez de vous, de vos souhaits en&nbsp;mati\u00e8re de bien-\u00eatre, et nous aborderons, sans jugement, les diff\u00e9rents aspects de votre vie quotidienne (alimentation, sommeil, activit\u00e9s physiques et sociales, transit, stress, vos valeurs, etc). Ces premiers \u00e9l\u00e9ments me permettront de mieux vous&nbsp;conna\u00eetre et de comprendre votre situation et vos besoins. Nous fixons alors les&nbsp;objectifs du travail \u00e0 mener ensemble et les premi\u00e8res \u00e9tapes de votre plan d\u2019action&nbsp;avec quelques premiers conseils faciles \u00e0 mettre en \u0153uvre.&nbsp;&nbsp;<\/p>\n\n\n\n<p><em>Tel (10-15 min) + questionnaire + anamn\u00e8se (1h30) + carnet de bord et premiers&nbsp;conseils d\u2019hygi\u00e8ne de vie \u2013 <strong>90 EUR&nbsp;<\/strong><\/em><\/p>\n\n\n\n<p><strong><em>2<\/em><\/strong><strong><em><sup>e&nbsp;<\/sup><\/em><\/strong><strong><em>RDV (1h30), 3 \u00e0 4 semaines apr\u00e8s le 1<\/em><\/strong><strong><em><sup>er&nbsp;<\/sup><\/em><\/strong><strong><em>RDV : Bilan de vitalit\u00e9 et plan d\u2019action<\/em><\/strong><\/p>\n\n\n\n<p>Lors de notre deuxi\u00e8me RDV, je vous fais part de votre bilan de vitalit\u00e9 et vous prodigue une s\u00e9rie de conseils avec les explications n\u00e9cessaires pour comprendre l\u2019importance de les appliquer et surtout de vous les approprier. Nous faisons le point&nbsp;sur ce qui a \u00e9t\u00e9 mis en place \u00e0 la suite de notre 1<sup>er&nbsp;<\/sup>RDV et des premiers conseils re\u00e7us. Nous les ajustons ensemble si n\u00e9cessaire et pr\u00e9cisons les objectifs et plan d\u2019action pour la suite.&nbsp;&nbsp;<\/p>\n\n\n\n<p><em>Explications du bilan de vitalit\u00e9 + conseils et plan d\u2019action (1h30) \u2013 <strong>90 EUR<\/strong>&nbsp;<\/em><\/p>\n\n\n\n<p><strong><em>RDV de suivi (1h) \u2013 suivi et soutien dans la dur\u00e9e <\/em><\/strong><\/p>\n\n\n\n<p>On \u00e9value et on adapte les conseils. Peuvent y \u00eatre int\u00e9gr\u00e9s des techniques de relaxation, respiration et de gestion du stress, des s\u00e9ances de r\u00e9flexologie plantaire, etc.&nbsp;<\/p>\n\n\n\n<p><em>Mise au point, ajustements, nouveaux conseils, soins \u00e9ventuels \u2013 <strong>70 EUR<\/strong>&nbsp;<\/em><\/p>\n\n\n\n<p><em>Ces consultations ont lieu le mercredi soir \u00e0 La Source Naturopathie \u00e0 Cointe (9, place du Batty \u00e0 4000 Li\u00e8ge) ou le reste de la semaine \u00e0 mon cabinet de Jupille-sur-Meuse (rue Charlemagne, 110). Les RDV naturo peuvent \u00e9galement se d\u00e9rouler en marchant \u00e0 l\u2019ext\u00e9rieur, au d\u00e9part du cabinet de Jupille ou d\u2019ailleurs. Les consultations et prestations peuvent \u00e9galement se d\u00e9rouler \u00e0 domicile mais des frais de d\u00e9placements seront appliqu\u00e9s (voir <a href=\"https:\/\/naturophelie.be\/?page_id=287\">CGV<\/a>).<\/em><\/p>\n\n\n\n<figure class=\"wp-block-image size-large is-resized\"><img loading=\"lazy\" decoding=\"async\" width=\"1024\" height=\"768\" src=\"https:\/\/naturophelie.be\/wp-content\/uploads\/2025\/08\/naturophelie-consultennature-1024x768.jpg\" alt=\"\" class=\"wp-image-444\" style=\"width:594px;height:auto\" srcset=\"https:\/\/naturophelie.be\/wp-content\/uploads\/2025\/08\/naturophelie-consultennature-1024x768.jpg 1024w, https:\/\/naturophelie.be\/wp-content\/uploads\/2025\/08\/naturophelie-consultennature-300x225.jpg 300w, https:\/\/naturophelie.be\/wp-content\/uploads\/2025\/08\/naturophelie-consultennature-768x576.jpg 768w, https:\/\/naturophelie.be\/wp-content\/uploads\/2025\/08\/naturophelie-consultennature-1536x1152.jpg 1536w, https:\/\/naturophelie.be\/wp-content\/uploads\/2025\/08\/naturophelie-consultennature.jpg 2048w\" sizes=\"auto, (max-width: 1024px) 100vw, 1024px\" \/><\/figure>\n\n\n\n<p><strong>Le plus qui va faire la diff\u00e9rence<\/strong>&nbsp;:<\/p>\n\n\n\n<ul class=\"wp-block-list\">\n<li>Un&nbsp;<strong>appel t\u00e9l\u00e9phonique&nbsp;<\/strong>pour nous assurer que mon accompagnement est adapt\u00e9 \u00e0 vos besoins&nbsp;<\/li>\n\n\n\n<li>Un&nbsp;<strong>questionnaire pr\u00e9alable&nbsp;<\/strong>pour vous faire r\u00e9fl\u00e9chir \u00e0 votre d\u00e9marche et&nbsp;optimiser le travail qui sera r\u00e9alis\u00e9 ensemble&nbsp;<\/li>\n\n\n\n<li>Un&nbsp;<strong>bilan de vitalit\u00e9 et des conseils personnalis\u00e9s&nbsp;<\/strong>et adapt\u00e9s \u00e0 votre&nbsp;situation, vos besoins et objectifs&nbsp;<\/li>\n\n\n\n<li>Des&nbsp;<strong>explications&nbsp;<\/strong>n\u00e9cessaires \u00e0 la compr\u00e9hension et \u00e0 l\u2019adoption de&nbsp;nouvelles habitudes pour un meilleur \u00e9quilibre&nbsp;<\/li>\n\n\n\n<li>Un petit&nbsp;<strong>carnet de bord&nbsp;<\/strong>pour vous accompagner au quotidien \u00e0 la maison<\/li>\n\n\n\n<li>Une&nbsp;<strong>\u00e9coute bienveillante et un soutien dynamique dans la dur\u00e9e&nbsp;<\/strong><\/li>\n\n\n\n<li>La possibilit\u00e9 de nous rencontrer&nbsp;<strong>\u00e0 l\u2019ext\u00e9rieur,&nbsp;<\/strong>dans la nature, pour une meilleure connexion \u00e0 soi et un travail plus en profondeur&nbsp;<\/li>\n\n\n\n<li>Mon pass\u00e9 de biologiste et de chercheuse (<strong>docteure en sciences<\/strong>), garant d&rsquo;explications claires et pr\u00e9cises, d\u2019une rigueur et critique face aux conseils prodigu\u00e9s<\/li>\n\n\n\n<li>Ma curiosit\u00e9 et personnalit\u00e9 qui me poussent \u00e0 observer, \u00e9couter, analyser et&nbsp;comprendre avant de chercher des solutions adapt\u00e9es \u00e0 votre personne et&nbsp;votre \u00e9cosyst\u00e8me. Tout est une question d\u2019\u00e9cologie et je pense \u00eatre la&nbsp;personne qui pourra vous accompagner vers une meilleure \u00e9cologie de votre bien-\u00eatre<\/li>\n<\/ul>\n\n\n\n<p>Voir <a href=\"https:\/\/naturophelie.be\/?page_id=64\">les formules d&rsquo;accompagnement dans la dur\u00e9e<\/a> \u00ab\u00a0ancrage\u00a0\u00bb et \u00e9quilibre\u00a0\u00bb<\/p>\n\n\n\n<p>Prendre <a href=\"https:\/\/naturophelie.be\/?page_id=65\">RDV<\/a><\/p>\n\n\n\n<h2 class=\"wp-block-heading\"><strong>Tables-rondes et conf\u00e9rences&nbsp;(\u00e0 venir)<\/strong><\/h2>\n\n\n\n<h2 class=\"wp-block-heading\"><strong>Formations en entreprises (\u00e0 venir)<\/strong><\/h2>\n","protected":false},"excerpt":{"rendered":"<p>La naturopathie est une approche qui vise la&nbsp;compr\u00e9hension et la promotion du bien-\u00eatre. Elle joue d\u00e8s lors un r\u00f4le important dans la&nbsp;pr\u00e9vention et l\u2019\u00e9ducation&nbsp;dans le but de rendre les personnes responsables et autonomes dans la gestion durable de leur bien-\u00eatre. Reconnue par l\u2019OMS (Organisation mondiale de la Sant\u00e9) comme \u00e9tant la 3\u00e8&nbsp;m\u00e9decine traditionnelle, aux c\u00f4t\u00e9s <a class=\"read-more\" href=\"https:\/\/naturophelie.be\/?page_id=89\">READ MORE<\/a><\/p>\n","protected":false},"author":1,"featured_media":0,"parent":0,"menu_order":0,"comment_status":"closed","ping_status":"closed","template":"","meta":{"footnotes":""},"class_list":["post-89","page","type-page","status-publish","hentry"],"_links":{"self":[{"href":"https:\/\/naturophelie.be\/index.php?rest_route=\/wp\/v2\/pages\/89","targetHints":{"allow":["GET"]}}],"collection":[{"href":"https:\/\/naturophelie.be\/index.php?rest_route=\/wp\/v2\/pages"}],"about":[{"href":"https:\/\/naturophelie.be\/index.php?rest_route=\/wp\/v2\/types\/page"}],"author":[{"embeddable":true,"href":"https:\/\/naturophelie.be\/index.php?rest_route=\/wp\/v2\/users\/1"}],"replies":[{"embeddable":true,"href":"https:\/\/naturophelie.be\/index.php?rest_route=%2Fwp%2Fv2%2Fcomments&post=89"}],"version-history":[{"count":35,"href":"https:\/\/naturophelie.be\/index.php?rest_route=\/wp\/v2\/pages\/89\/revisions"}],"predecessor-version":[{"id":520,"href":"https:\/\/naturophelie.be\/index.php?rest_route=\/wp\/v2\/pages\/89\/revisions\/520"}],"wp:attachment":[{"href":"https:\/\/naturophelie.be\/index.php?rest_route=%2Fwp%2Fv2%2Fmedia&parent=89"}],"curies":[{"name":"wp","href":"https:\/\/api.w.org\/{rel}","templated":true}]}}