{"id":65,"date":"2024-01-16T14:14:52","date_gmt":"2024-01-16T13:14:52","guid":{"rendered":"https:\/\/naturophelie.be\/?page_id=65"},"modified":"2026-01-02T09:57:34","modified_gmt":"2026-01-02T08:57:34","slug":"contact","status":"publish","type":"page","link":"https:\/\/naturophelie.be\/?page_id=65","title":{"rendered":"\ud83c\udf08 Contact et RDV"},"content":{"rendered":"<div class=\"wp-block-image\">\n<figure class=\"alignright size-full is-resized\"><img loading=\"lazy\" decoding=\"async\" width=\"1024\" height=\"829\" src=\"http:\/\/naturophelie.be\/wp-content\/uploads\/2024\/01\/image.png\" alt=\"\" class=\"wp-image-12\" style=\"width:539px;height:auto\" srcset=\"https:\/\/naturophelie.be\/wp-content\/uploads\/2024\/01\/image.png 1024w, https:\/\/naturophelie.be\/wp-content\/uploads\/2024\/01\/image-300x243.png 300w, https:\/\/naturophelie.be\/wp-content\/uploads\/2024\/01\/image-768x622.png 768w\" sizes=\"auto, (max-width: 1024px) 100vw, 1024px\" \/><\/figure>\n<\/div>\n\n\n<p>0475 44 70 56<\/p>\n\n\n\n<p><a href=\"https:\/\/www.google.com\/maps\/place\/Rue+Charlemagne+110,+4020+Li%C3%A8ge\/@50.6442266,5.628666,17z\/data=!3m1!4b1!4m6!3m5!1s0x47c0f0de9c9d00fd:0xd951fa5df7d385dd!8m2!3d50.6442266!4d5.628666!16s%2Fg%2F11gfj6bf8l?entry=ttu\" data-type=\"link\" data-id=\"https:\/\/www.google.com\/maps\/place\/Rue+Charlemagne+110,+4020+Li%C3%A8ge\/@50.6442266,5.628666,17z\/data=!3m1!4b1!4m6!3m5!1s0x47c0f0de9c9d00fd:0xd951fa5df7d385dd!8m2!3d50.6442266!4d5.628666!16s%2Fg%2F11gfj6bf8l?entry=ttu\">110 rue Charlemagne &#8211; 4020 Jupille-sur-Meuse (Li\u00e8ge)<\/a> &#8211; cabinet priv\u00e9<\/p>\n\n\n\n<p>MERCREDIS SOIRS @ La Source Naturopathie (Place du Batty, 9 &#8211; 4000 Li\u00e8ge (Cointe))<\/p>\n\n\n\n<ul class=\"wp-block-social-links alignleft is-layout-flex wp-block-social-links-is-layout-flex\"><li class=\"wp-social-link wp-social-link-mail  wp-block-social-link\"><a href=\"mailto:inf&#111;&#064;natu&#114;&#111;ph&#101;&#108;ie.&#098;&#101;\" class=\"wp-block-social-link-anchor\"><svg width=\"24\" height=\"24\" viewBox=\"0 0 24 24\" version=\"1.1\" xmlns=\"http:\/\/www.w3.org\/2000\/svg\" aria-hidden=\"true\" focusable=\"false\"><path d=\"M19,5H5c-1.1,0-2,.9-2,2v10c0,1.1.9,2,2,2h14c1.1,0,2-.9,2-2V7c0-1.1-.9-2-2-2zm.5,12c0,.3-.2.5-.5.5H5c-.3,0-.5-.2-.5-.5V9.8l7.5,5.6,7.5-5.6V17zm0-9.1L12,13.6,4.5,7.9V7c0-.3.2-.5.5-.5h14c.3,0,.5.2.5.5v.9z\"><\/path><\/svg><span class=\"wp-block-social-link-label screen-reader-text\">E-mail<\/span><\/a><\/li>\n\n<li class=\"wp-social-link wp-social-link-facebook  wp-block-social-link\"><a href=\"https:\/\/facebook.com\/profile.php?id=61555683508764&#038;is_tour_completed=true\" class=\"wp-block-social-link-anchor\"><svg width=\"24\" height=\"24\" viewBox=\"0 0 24 24\" version=\"1.1\" xmlns=\"http:\/\/www.w3.org\/2000\/svg\" aria-hidden=\"true\" focusable=\"false\"><path d=\"M12 2C6.5 2 2 6.5 2 12c0 5 3.7 9.1 8.4 9.9v-7H7.9V12h2.5V9.8c0-2.5 1.5-3.9 3.8-3.9 1.1 0 2.2.2 2.2.2v2.5h-1.3c-1.2 0-1.6.8-1.6 1.6V12h2.8l-.4 2.9h-2.3v7C18.3 21.1 22 17 22 12c0-5.5-4.5-10-10-10z\"><\/path><\/svg><span class=\"wp-block-social-link-label screen-reader-text\">Facebook<\/span><\/a><\/li>\n\n<li class=\"wp-social-link wp-social-link-linkedin  wp-block-social-link\"><a href=\"https:\/\/www.linkedin.com\/in\/ophelie-ladriere\/\" class=\"wp-block-social-link-anchor\"><svg width=\"24\" height=\"24\" viewBox=\"0 0 24 24\" version=\"1.1\" xmlns=\"http:\/\/www.w3.org\/2000\/svg\" aria-hidden=\"true\" focusable=\"false\"><path d=\"M19.7,3H4.3C3.582,3,3,3.582,3,4.3v15.4C3,20.418,3.582,21,4.3,21h15.4c0.718,0,1.3-0.582,1.3-1.3V4.3 C21,3.582,20.418,3,19.7,3z M8.339,18.338H5.667v-8.59h2.672V18.338z M7.004,8.574c-0.857,0-1.549-0.694-1.549-1.548 c0-0.855,0.691-1.548,1.549-1.548c0.854,0,1.547,0.694,1.547,1.548C8.551,7.881,7.858,8.574,7.004,8.574z M18.339,18.338h-2.669 v-4.177c0-0.996-0.017-2.278-1.387-2.278c-1.389,0-1.601,1.086-1.601,2.206v4.249h-2.667v-8.59h2.559v1.174h0.037 c0.356-0.675,1.227-1.387,2.526-1.387c2.703,0,3.203,1.779,3.203,4.092V18.338z\"><\/path><\/svg><span class=\"wp-block-social-link-label screen-reader-text\">LinkedIn<\/span><\/a><\/li><\/ul>\n\n\n\n<p><\/p>\n\n\n\n<p><\/p>\n\n\n\n<p>N\u00b0 TVA : BE 0550.619.708 (Step Accomapgnement ASBL, 24 rue de Steppes, 4000 Li\u00e8ge)<\/p>\n\n\n\n<p><a href=\"https:\/\/calendly.com\/naturophelie-rdv\">Prendre rendez vous sur Calendly<\/a>, par <a href=\"info@naturophelie.be\">mail<\/a> ou par <a href=\"http:\/\/+32475447056\">t\u00e9l\u00e9phone<\/a><\/p>\n\n\n\n<p><\/p>\n","protected":false},"excerpt":{"rendered":"<p>0475 44 70 56 110 rue Charlemagne &#8211; 4020 Jupille-sur-Meuse (Li\u00e8ge) &#8211; cabinet priv\u00e9 MERCREDIS SOIRS @ La Source Naturopathie (Place du Batty, 9 &#8211; 4000 Li\u00e8ge (Cointe)) N\u00b0 TVA : BE 0550.619.708 (Step Accomapgnement ASBL, 24 rue de Steppes, 4000 Li\u00e8ge) Prendre rendez vous sur Calendly, par mail ou par t\u00e9l\u00e9phone<\/p>\n","protected":false},"author":1,"featured_media":0,"parent":0,"menu_order":0,"comment_status":"closed","ping_status":"closed","template":"","meta":{"footnotes":""},"class_list":["post-65","page","type-page","status-publish","hentry"],"_links":{"self":[{"href":"https:\/\/naturophelie.be\/index.php?rest_route=\/wp\/v2\/pages\/65","targetHints":{"allow":["GET"]}}],"collection":[{"href":"https:\/\/naturophelie.be\/index.php?rest_route=\/wp\/v2\/pages"}],"about":[{"href":"https:\/\/naturophelie.be\/index.php?rest_route=\/wp\/v2\/types\/page"}],"author":[{"embeddable":true,"href":"https:\/\/naturophelie.be\/index.php?rest_route=\/wp\/v2\/users\/1"}],"replies":[{"embeddable":true,"href":"https:\/\/naturophelie.be\/index.php?rest_route=%2Fwp%2Fv2%2Fcomments&post=65"}],"version-history":[{"count":26,"href":"https:\/\/naturophelie.be\/index.php?rest_route=\/wp\/v2\/pages\/65\/revisions"}],"predecessor-version":[{"id":574,"href":"https:\/\/naturophelie.be\/index.php?rest_route=\/wp\/v2\/pages\/65\/revisions\/574"}],"wp:attachment":[{"href":"https:\/\/naturophelie.be\/index.php?rest_route=%2Fwp%2Fv2%2Fmedia&parent=65"}],"curies":[{"name":"wp","href":"https:\/\/api.w.org\/{rel}","templated":true}]}}