{"id":551,"date":"2025-08-05T21:48:41","date_gmt":"2025-08-05T19:48:41","guid":{"rendered":"https:\/\/naturophelie.be\/?page_id=551"},"modified":"2025-08-05T22:00:58","modified_gmt":"2025-08-05T20:00:58","slug":"tarifs","status":"publish","type":"page","link":"https:\/\/naturophelie.be\/?page_id=551","title":{"rendered":"Tarifs"},"content":{"rendered":"\n<h2 class=\"wp-block-heading\"><strong>\ud83d\udcab <a href=\"https:\/\/naturophelie.be\/?page_id=89\">Accompagnements en naturopathie<\/a><\/strong><\/h2>\n\n\n\n<h3 class=\"wp-block-heading\"><strong>\ud83c\udf31 1. L\u2019\u00e9lan \u2013 <em>Le point de d\u00e9part<\/em><\/strong><\/h3>\n\n\n\n<p><strong>2 rendez-vous de 1h30<\/strong> \u2013 <strong>180 \u20ac<\/strong> <em>(soit 2 x 90 \u20ac)<\/em><\/p>\n\n\n\n<p>Une base essentielle pour avoir une vue globale de vos habitudes de vie et fonctionnement, vous prodiguer une s\u00e9rie de conseils adapt\u00e9s et cr\u00e9er ensemble un plan d&rsquo;action pour bien d\u00e9marrer le chemin vers votre mieux-\u00eatre.<\/p>\n\n\n\n<ul class=\"wp-block-list\">\n<li><strong>Option rapport \u00e9crit personnalis\u00e9<\/strong> &#8211;<strong> 30 \u20ac<\/strong><\/li>\n\n\n\n<li><strong>RDV de suivi de 1h &#8211; 70 \u20ac<\/strong><br><\/li>\n<\/ul>\n\n\n\n<h3 class=\"wp-block-heading\"><strong><strong>\ud83c\udf3f<\/strong> 2. L\u2019ancrage \u2013 <em>Ajuster et consolider<\/em><\/strong><\/h3>\n\n\n\n<p><strong>2 RDV de d\u00e9part (1h30) + 2 RDV de suivi (1h)<\/strong> \u2013 <strong>295 \u20ac <\/strong><em>(<em>au lieu de 320 \u20ac<\/em>)<\/em><strong><br><\/strong> <em>(<em>soit 2x 90 \u20ac + 1x 70 \u20ac + 1x 45 \u20ac<\/em> \u2013 vous \u00e9conomisez 25 \u20ac)<br><\/em>Un accompagnement sur quelques mois pour suivre l\u2019\u00e9volution, ajuster les recommandations, renforcer la motivation et int\u00e9grer les changements en profondeur.<\/p>\n\n\n\n<h3 class=\"wp-block-heading\"><strong>\ud83c\udf33 3. L\u2019\u00e9quilibre \u2013 <\/strong><strong><em>Soutenir la transformation sur la dur\u00e9e<\/em><\/strong><\/h3>\n\n\n\n<p><strong>2 RDV de d\u00e9part (1h30) + 4 RDV de suivi (1h)<\/strong> \u2013 <strong>420 \u20ac <\/strong><em>(<em>au lieu de 460 \u20ac<\/em>)<\/em><strong><br><\/strong> <em>(<em>soit 2x 90 \u20ac + 3x 70 \u20ac + 1x 30 \u20ac<\/em> \u2013 vous \u00e9conomisez 40 \u20ac)<br><\/em>Un cheminement complet pour construire un \u00e9quilibre de vie stable, harmonieux et align\u00e9 \u00e0 votre nature, avec un suivi r\u00e9gulier sur environ 1 an.<\/p>\n\n\n\n<p><a href=\"https:\/\/naturophelie.be\/?page_id=89\">En savoir plus<\/a><\/p>\n\n\n\n<hr class=\"wp-block-separator has-alpha-channel-opacity\"\/>\n\n\n\n<h2 class=\"wp-block-heading\"><strong>\ud83d\udc63 <a href=\"https:\/\/naturophelie.be\/?page_id=91\">R\u00e9flexologie plantaire<\/a><\/strong><\/h2>\n\n\n\n<p><strong>\ud83c\udf3c S\u00e9ance d\u00e9couverte<\/strong> : <strong>1h<\/strong> \u2013 <strong>70 \u20ac<br>\ud83c\udf3a S\u00e9ance compl\u00e8te<\/strong> <strong>(avec traitement des zones r\u00e9flexes) <\/strong>: <strong>1h30<\/strong> \u2013 <strong>90 \u20ac<\/strong><\/p>\n\n\n\n<h3 class=\"wp-block-heading\">\ud83c\udf3f Mes formules d\u2019abonnement<\/h3>\n\n\n\n<p>\ud83d\udd39 Formule <strong>\u201c\u00c9veil\u201d<\/strong> \u2013 5 s\u00e9ances d\u20191h  &#8211; <strong>320 \u20ac<\/strong> <em>(au lieu de 350 \u20ac \u2013 \u00e9conomie de 30 \u20ac)<\/em><\/p>\n\n\n\n<p>\ud83d\udd38 Formule <strong>\u201cAlignement\u201d<\/strong> \u2013 5 s\u00e9ances d\u20191h30 &#8211; <strong>400 \u20ac<\/strong> <em>(au lieu de 450 \u20ac \u2013 \u00e9conomie de 50 \u20ac)<\/em><\/p>\n\n\n\n<p><a href=\"https:\/\/naturophelie.be\/?page_id=91\">En savoir plus<\/a><\/p>\n\n\n\n<hr class=\"wp-block-separator has-alpha-channel-opacity\"\/>\n\n\n\n<h2 class=\"wp-block-heading\"><strong>\ud83d\udca7Autres soins et outils compl\u00e9mentaires<\/strong><\/h2>\n\n\n\n<h3 class=\"wp-block-heading\"><a href=\"https:\/\/naturophelie.be\/?page_id=237\"><strong>\ud83d\udc50 Drainage lymphatique manuel<\/strong> <strong><em>(m\u00e9thode Vodder)<\/em><\/strong><\/a><\/h3>\n\n\n\n<p><strong>1 \u20ac\/min<\/strong> \u2013 dur\u00e9e entre <strong>50 et 80 minutes<br><\/strong>\ud83d\udca7 Tarif : entre <strong>50 \u20ac et 80 \u20ac<\/strong> selon la dur\u00e9e.<\/p>\n\n\n\n<p><a href=\"https:\/\/naturophelie.be\/?page_id=237\">En savoir plus<\/a><\/p>\n\n\n\n<hr class=\"wp-block-separator has-alpha-channel-opacity\"\/>\n\n\n\n<h3 class=\"wp-block-heading\"><strong>\ud83d\udc41\ufe0f <a href=\"https:\/\/naturophelie.be\/?page_id=318\">Analyse iridologique<\/a><\/strong><\/h3>\n\n\n\n<p>S\u00e9ance sp\u00e9cifique : <strong>1h<\/strong> \u2013 <strong>60 \u20ac<br><\/strong>ou analyse int\u00e9gr\u00e9e \u00e0 une s\u00e9ance d&rsquo;accompagnement en naturopathie (<strong>+ 10 \u20ac<\/strong> pour le rapport plus sp\u00e9cifique \u00e0 l&rsquo;iridologie)<\/p>\n\n\n\n<p><a href=\"https:\/\/naturophelie.be\/?page_id=318\">En savoir plus<\/a><\/p>\n\n\n\n<hr class=\"wp-block-separator has-alpha-channel-opacity\"\/>\n\n\n\n<h3 class=\"wp-block-heading\"><strong>\ud83c\udf38 <a href=\"https:\/\/naturophelie.be\/?page_id=319\">S\u00e9ance de Fleurs de Bach<\/a><\/strong><\/h3>\n\n\n\n<p>S\u00e9ance sp\u00e9cifique : <strong>1h<\/strong> \u2013 <strong>60 \u20ac<br><\/strong>ou r\u00e9alisation d&rsquo;une composition personnalis\u00e9e, int\u00e9gr\u00e9e \u00e0 une s\u00e9ance d&rsquo;accompagnement en naturopathie (<strong>+ 10 \u20ac<\/strong> pour le flacon)<\/p>\n\n\n\n<p><a href=\"https:\/\/naturophelie.be\/?page_id=319\">En savoir plus<\/a><\/p>\n\n\n\n<p>Vous avez encore des questions ou souhaitez prendre RDV? <a href=\"https:\/\/naturophelie.be\/?page_id=65\">Contactez-moi<\/a> !<\/p>\n","protected":false},"excerpt":{"rendered":"<p>\ud83d\udcab Accompagnements en naturopathie \ud83c\udf31 1. L\u2019\u00e9lan \u2013 Le point de d\u00e9part 2 rendez-vous de 1h30 \u2013 180 \u20ac (soit 2 x 90 \u20ac) Une base essentielle pour avoir une vue globale de vos habitudes de vie et fonctionnement, vous prodiguer une s\u00e9rie de conseils adapt\u00e9s et cr\u00e9er ensemble un plan d&rsquo;action pour bien d\u00e9marrer <a class=\"read-more\" href=\"https:\/\/naturophelie.be\/?page_id=551\">READ MORE<\/a><\/p>\n","protected":false},"author":1,"featured_media":0,"parent":0,"menu_order":0,"comment_status":"closed","ping_status":"closed","template":"","meta":{"footnotes":""},"class_list":["post-551","page","type-page","status-publish","hentry"],"_links":{"self":[{"href":"https:\/\/naturophelie.be\/index.php?rest_route=\/wp\/v2\/pages\/551","targetHints":{"allow":["GET"]}}],"collection":[{"href":"https:\/\/naturophelie.be\/index.php?rest_route=\/wp\/v2\/pages"}],"about":[{"href":"https:\/\/naturophelie.be\/index.php?rest_route=\/wp\/v2\/types\/page"}],"author":[{"embeddable":true,"href":"https:\/\/naturophelie.be\/index.php?rest_route=\/wp\/v2\/users\/1"}],"replies":[{"embeddable":true,"href":"https:\/\/naturophelie.be\/index.php?rest_route=%2Fwp%2Fv2%2Fcomments&post=551"}],"version-history":[{"count":5,"href":"https:\/\/naturophelie.be\/index.php?rest_route=\/wp\/v2\/pages\/551\/revisions"}],"predecessor-version":[{"id":559,"href":"https:\/\/naturophelie.be\/index.php?rest_route=\/wp\/v2\/pages\/551\/revisions\/559"}],"wp:attachment":[{"href":"https:\/\/naturophelie.be\/index.php?rest_route=%2Fwp%2Fv2%2Fmedia&parent=551"}],"curies":[{"name":"wp","href":"https:\/\/api.w.org\/{rel}","templated":true}]}}