{"id":374,"date":"2025-08-01T23:48:29","date_gmt":"2025-08-01T21:48:29","guid":{"rendered":"https:\/\/naturophelie.be\/?page_id=374"},"modified":"2025-08-02T00:56:23","modified_gmt":"2025-08-01T22:56:23","slug":"faq","status":"publish","type":"page","link":"https:\/\/naturophelie.be\/?page_id=374","title":{"rendered":"FAQ"},"content":{"rendered":"\n<h3 class=\"wp-block-heading\"><strong>\ud83d\udccc Foire Aux Questions<\/strong><\/h3>\n\n\n\n<p><strong>\u25b6\ufe0f Comment savoir quel accompagnement est fait pour moi ?<\/strong><strong><br><\/strong> Si vous h\u00e9sitez, le mieux est de d\u00e9marrer par <strong>\u00ab\u00a0L\u2019\u00e9lan\u00a0\u00bb<\/strong> : ce premier pas permet d\u2019avoir une vue d\u2019ensemble sur votre vitalit\u00e9 et de d\u00e9finir des priorit\u00e9s claires. Ensuite, vous pouvez choisir de poursuivre avec un accompagnement plus long selon vos besoins.<\/p>\n\n\n\n<p><strong>\u25b6\ufe0f \u00c0 quelle fr\u00e9quence sont espac\u00e9s les rendez-vous ?<\/strong><strong><br><\/strong> Cela d\u00e9pend du parcours choisi et de votre rythme. En g\u00e9n\u00e9ral :<\/p>\n\n\n\n<ul class=\"wp-block-list\">\n<li>Les rendez-vous de suivi ont lieu toutes les 3 \u00e0 6 semaines pour \u00ab\u00a0L\u2019ancrage\u00a0\u00bb,<br><\/li>\n\n\n\n<li>Tous les 2 \u00e0 3 mois pour \u00ab\u00a0L\u2019\u00e9quilibre\u00a0\u00bb.<br><\/li>\n<\/ul>\n\n\n\n<p><strong>\u25b6\ufe0f Puis-je transformer un accompagnement en cours de route ?<\/strong><strong><br><\/strong> Oui. Si vous commencez par \u00ab\u00a0L\u2019\u00e9lan\u00a0\u00bb et souhaitez continuer, vous ne repayez que la <strong>diff\u00e9rence de tarif<\/strong> avec l&rsquo;accompagnement suivant.<\/p>\n\n\n\n<p><strong>\u25b6\ufe0f Est-ce que les consultations sont rembours\u00e9es ?<\/strong><strong><br><\/strong> Certaines mutuelles belges commencent \u00e0 rembourser certaines th\u00e9rapies compl\u00e9mentaires. N\u2019h\u00e9sitez pas \u00e0 vous renseigner aupr\u00e8s de la v\u00f4tre.<\/p>\n\n\n\n<p><strong>\u25b6\ufe0f Puis-je offrir une s\u00e9ance ou un abonnement ?<\/strong><strong><br><\/strong> Oui, des <strong>bons cadeaux<\/strong> sont disponibles sur demande (version num\u00e9rique ou papier).<\/p>\n","protected":false},"excerpt":{"rendered":"<p>\ud83d\udccc Foire Aux Questions \u25b6\ufe0f Comment savoir quel accompagnement est fait pour moi ? Si vous h\u00e9sitez, le mieux est de d\u00e9marrer par \u00ab\u00a0L\u2019\u00e9lan\u00a0\u00bb : ce premier pas permet d\u2019avoir une vue d\u2019ensemble sur votre vitalit\u00e9 et de d\u00e9finir des priorit\u00e9s claires. Ensuite, vous pouvez choisir de poursuivre avec un accompagnement plus long selon vos <a class=\"read-more\" href=\"https:\/\/naturophelie.be\/?page_id=374\">READ MORE<\/a><\/p>\n","protected":false},"author":1,"featured_media":0,"parent":0,"menu_order":0,"comment_status":"closed","ping_status":"closed","template":"","meta":{"footnotes":""},"class_list":["post-374","page","type-page","status-publish","hentry"],"_links":{"self":[{"href":"https:\/\/naturophelie.be\/index.php?rest_route=\/wp\/v2\/pages\/374","targetHints":{"allow":["GET"]}}],"collection":[{"href":"https:\/\/naturophelie.be\/index.php?rest_route=\/wp\/v2\/pages"}],"about":[{"href":"https:\/\/naturophelie.be\/index.php?rest_route=\/wp\/v2\/types\/page"}],"author":[{"embeddable":true,"href":"https:\/\/naturophelie.be\/index.php?rest_route=\/wp\/v2\/users\/1"}],"replies":[{"embeddable":true,"href":"https:\/\/naturophelie.be\/index.php?rest_route=%2Fwp%2Fv2%2Fcomments&post=374"}],"version-history":[{"count":2,"href":"https:\/\/naturophelie.be\/index.php?rest_route=\/wp\/v2\/pages\/374\/revisions"}],"predecessor-version":[{"id":406,"href":"https:\/\/naturophelie.be\/index.php?rest_route=\/wp\/v2\/pages\/374\/revisions\/406"}],"wp:attachment":[{"href":"https:\/\/naturophelie.be\/index.php?rest_route=%2Fwp%2Fv2%2Fmedia&parent=374"}],"curies":[{"name":"wp","href":"https:\/\/api.w.org\/{rel}","templated":true}]}}