{"id":319,"date":"2025-08-01T22:58:13","date_gmt":"2025-08-01T20:58:13","guid":{"rendered":"https:\/\/naturophelie.be\/?page_id=319"},"modified":"2026-01-02T10:13:11","modified_gmt":"2026-01-02T09:13:11","slug":"fleurs-de-bach","status":"publish","type":"page","link":"https:\/\/naturophelie.be\/?page_id=319","title":{"rendered":"Fleurs de Bach"},"content":{"rendered":"\n<h2 class=\"wp-block-heading\">\ud83c\udf38 S\u00e9ance Fleurs de Bach \u2013 Accompagnement \u00e9motionnel naturel<\/h2>\n\n\n\n<p>Et si vous pouviez accueillir vos \u00e9motions avec plus de douceur et de clart\u00e9 ?<\/p>\n\n\n\n<p>Les <strong>Fleurs de Bach<\/strong> sont des \u00e9lixirs floraux subtils et puissants, con\u00e7us pour <strong>accompagner les \u00e9tats \u00e9motionnels<\/strong> passagers ou profonds. Stress, fatigue morale, hypersensibilit\u00e9, agitation mentale, sentiment d\u2019isolement, d\u00e9couragement, doute&#8230; chaque fleur correspond \u00e0 un \u00e9tat d\u2019\u00e2me pr\u00e9cis.<\/p>\n\n\n\n<p>Lors de cette s\u00e9ance, je vous accompagne dans un <strong>espace d\u2019\u00e9coute bienveillant<\/strong>, pour identifier les \u00e9motions pr\u00e9sentes, les besoins du moment, et composer ensemble un <strong>m\u00e9lange personnalis\u00e9<\/strong> d\u2019\u00e9lixirs floraux.<\/p>\n\n\n\n<h3 class=\"wp-block-heading\">Pour quoi ?<\/h3>\n\n\n\n<ul class=\"wp-block-list\">\n<li>Traverser une <strong>p\u00e9riode de transition ou de changement<\/strong><\/li>\n\n\n\n<li>Soutenir un <strong>\u00e9tat de stress, d\u2019anxi\u00e9t\u00e9 ou de surmenage<\/strong><\/li>\n\n\n\n<li>Apaiser des <strong>blessures \u00e9motionnelles<\/strong> ou des sch\u00e9mas r\u00e9currents<\/li>\n\n\n\n<li>Favoriser la <strong>prise de recul et la clart\u00e9 int\u00e9rieure<\/strong><\/li>\n<\/ul>\n\n\n\n<h3 class=\"wp-block-heading\">\ud83c\udf3f En pratique :<\/h3>\n\n\n\n<p>\ud83d\udd50 <strong>1h \u2013 70 \u20ac<\/strong><br>Un temps pour vous d\u00e9poser, <strong>comprendre ce qui se joue en vous<\/strong>, et repartir avec un flacon personnalis\u00e9 pour soutenir votre \u00e9quilibre \u00e9motionnel.<\/p>\n\n\n\n<hr class=\"wp-block-separator has-alpha-channel-opacity\"\/>\n\n\n\n<p>Les Fleurs de Bach sont des alli\u00e9es <strong>douces, naturelles et sans contre-indication<\/strong>, accessibles \u00e0 tous, y compris aux enfants ou aux personnes en traitement m\u00e9dical.<\/p>\n\n\n\n<blockquote class=\"wp-block-quote is-layout-flow wp-block-quote-is-layout-flow\">\n<p>\u2728 Une invitation \u00e0 vous reconnecter \u00e0 vos ressentis, \u00e0 avancer avec plus de s\u00e9r\u00e9nit\u00e9 et d\u2019alignement.<\/p>\n<\/blockquote>\n\n\n\n<p><\/p>\n","protected":false},"excerpt":{"rendered":"<p>\ud83c\udf38 S\u00e9ance Fleurs de Bach \u2013 Accompagnement \u00e9motionnel naturel Et si vous pouviez accueillir vos \u00e9motions avec plus de douceur et de clart\u00e9 ? Les Fleurs de Bach sont des \u00e9lixirs floraux subtils et puissants, con\u00e7us pour accompagner les \u00e9tats \u00e9motionnels passagers ou profonds. Stress, fatigue morale, hypersensibilit\u00e9, agitation mentale, sentiment d\u2019isolement, d\u00e9couragement, doute&#8230; chaque <a class=\"read-more\" href=\"https:\/\/naturophelie.be\/?page_id=319\">READ MORE<\/a><\/p>\n","protected":false},"author":1,"featured_media":0,"parent":0,"menu_order":0,"comment_status":"closed","ping_status":"closed","template":"","meta":{"footnotes":""},"class_list":["post-319","page","type-page","status-publish","hentry"],"_links":{"self":[{"href":"https:\/\/naturophelie.be\/index.php?rest_route=\/wp\/v2\/pages\/319","targetHints":{"allow":["GET"]}}],"collection":[{"href":"https:\/\/naturophelie.be\/index.php?rest_route=\/wp\/v2\/pages"}],"about":[{"href":"https:\/\/naturophelie.be\/index.php?rest_route=\/wp\/v2\/types\/page"}],"author":[{"embeddable":true,"href":"https:\/\/naturophelie.be\/index.php?rest_route=\/wp\/v2\/users\/1"}],"replies":[{"embeddable":true,"href":"https:\/\/naturophelie.be\/index.php?rest_route=%2Fwp%2Fv2%2Fcomments&post=319"}],"version-history":[{"count":3,"href":"https:\/\/naturophelie.be\/index.php?rest_route=\/wp\/v2\/pages\/319\/revisions"}],"predecessor-version":[{"id":582,"href":"https:\/\/naturophelie.be\/index.php?rest_route=\/wp\/v2\/pages\/319\/revisions\/582"}],"wp:attachment":[{"href":"https:\/\/naturophelie.be\/index.php?rest_route=%2Fwp%2Fv2%2Fmedia&parent=319"}],"curies":[{"name":"wp","href":"https:\/\/api.w.org\/{rel}","templated":true}]}}