{"id":318,"date":"2025-08-01T22:58:13","date_gmt":"2025-08-01T20:58:13","guid":{"rendered":"https:\/\/naturophelie.be\/?page_id=318"},"modified":"2026-01-02T10:12:25","modified_gmt":"2026-01-02T09:12:25","slug":"iridologie","status":"publish","type":"page","link":"https:\/\/naturophelie.be\/?page_id=318","title":{"rendered":"Iridologie"},"content":{"rendered":"\n<p>\ud83d\udc41\ufe0f L\u2019iridologie \u2013 Lire l\u2019histoire inscrite dans vos yeux<\/p>\n\n\n\n<div class=\"wp-block-group is-nowrap is-layout-flex wp-container-core-group-is-layout-ad2f72ca wp-block-group-is-layout-flex\"><div class=\"wp-block-image\">\n<figure class=\"alignleft size-full is-resized\"><img loading=\"lazy\" decoding=\"async\" width=\"573\" height=\"430\" src=\"https:\/\/naturophelie.be\/wp-content\/uploads\/2025\/08\/Oph-OG-jul25-edited.jpg\" alt=\"\" class=\"wp-image-544\" style=\"width:457px;height:auto\" srcset=\"https:\/\/naturophelie.be\/wp-content\/uploads\/2025\/08\/Oph-OG-jul25-edited.jpg 573w, https:\/\/naturophelie.be\/wp-content\/uploads\/2025\/08\/Oph-OG-jul25-edited-300x225.jpg 300w\" sizes=\"auto, (max-width: 573px) 100vw, 573px\" \/><\/figure>\n<\/div>\n\n\n<p>Et si vos yeux racontaient bien plus que ce que vous imaginez ?<br>Loin d\u2019\u00eatre un simple organe de vision, l\u2019<strong>iris<\/strong> est une v\u00e9ritable <strong>carte d\u2019identit\u00e9 int\u00e9rieure<\/strong>, o\u00f9 s\u2019impriment vos forces, vos faiblesses, vos pr\u00e9dispositions, vos zones de tension\u2026 mais aussi votre vitalit\u00e9. L\u2019<strong>iridologie<\/strong> est une m\u00e9thode d\u2019observation fine et naturelle de l\u2019iris, utilis\u00e9e en <strong>naturopathie<\/strong> pour mieux comprendre le <strong>terrain individuel<\/strong> de chaque personne. Chaque zone color\u00e9e, chaque signe ou sillon peut r\u00e9v\u00e9ler une information sur votre fonctionnement corporel, nerveux et \u00e9motionnel.<\/p>\n<\/div>\n\n\n\n<p><\/p>\n\n\n\n<h3 class=\"wp-block-heading\">Ce que l\u2019iridologie peut vous r\u00e9v\u00e9ler :<\/h3>\n\n\n\n<ul class=\"wp-block-list\">\n<li>Vos <strong>pr\u00e9dispositions h\u00e9r\u00e9ditaires<\/strong><\/li>\n\n\n\n<li>Vos <strong>faiblesses organiques potentielles<\/strong><\/li>\n\n\n\n<li>Votre <strong>\u00e9tat de stress<\/strong>, de <strong>fatigue<\/strong>, ou de <strong>surcharge<\/strong><\/li>\n\n\n\n<li>Votre <strong>terrain acido-basique<\/strong>, <strong>digestif<\/strong>, <strong>nerveux<\/strong>, etc.<\/li>\n\n\n\n<li>Et plus encore : comment votre organisme s\u2019adapte, compense\u2026 ou s\u2019essouffle<\/li>\n<\/ul>\n\n\n\n<p>L\u2019objectif n\u2019est pas de poser un diagnostic m\u00e9dical, mais de <strong>dresser un bilan de vitalit\u00e9 personnalis\u00e9<\/strong> : un regard global pour vous proposer des <strong>conseils cibl\u00e9s en hygi\u00e8ne de vie<\/strong>, en lien avec votre nature profonde.<\/p>\n\n\n\n<h3 class=\"wp-block-heading\">\ud83d\udc41\ufe0f En pratique<\/h3>\n\n\n\n<p>\ud83d\udcf7 <strong>Lors d\u2019un accompagnement en naturopathie<\/strong> :<br>L\u2019analyse iridologique vient <strong>compl\u00e9ter l\u2019anamn\u00e8se<\/strong> (bilan de sant\u00e9 naturopathique).<br>Une <strong>photo de vos iris<\/strong> est prise \u00e0 l\u2019aide d\u2019un appareil sp\u00e9cifique.<br>Lors de la <strong>deuxi\u00e8me s\u00e9ance<\/strong>, vous recevez votre <strong>analyse iridologique \u00e9crite<\/strong> et un <strong>protocole personnalis\u00e9<\/strong>.<br>\ud83d\udc49 Suppl\u00e9ment : +10 \u20ac<\/p>\n\n\n\n<p>\ud83e\udded A l&rsquo;occasion d&rsquo;une <strong>consultation sp\u00e9cifique \u2013 1h : 70 \u20ac<\/strong><br>Une s\u00e9ance d\u00e9di\u00e9e \u00e0 la lecture de vos iris pour mieux comprendre votre terrain, vos ressources et vos besoins profonds. Id\u00e9al si vous cherchez des r\u00e9ponses ou des pistes d\u2019\u00e9quilibrage global sans passer par un suivi naturopathique complet.<\/p>\n\n\n\n<p>\ud83d\udd0e En r\u00e9sum\u00e9 :<br>L&rsquo;iridologie, c\u2019est comme <strong>regarder dans un miroir int\u00e9rieur<\/strong>, pour mieux vous conna\u00eetre et vous guider vers un mieux-\u00eatre conscient et durable.<\/p>\n\n\n\n<p>Prendre&nbsp;<a href=\"https:\/\/naturophelie.be\/?page_id=65\">RDV<\/a><\/p>\n","protected":false},"excerpt":{"rendered":"<p>\ud83d\udc41\ufe0f L\u2019iridologie \u2013 Lire l\u2019histoire inscrite dans vos yeux Et si vos yeux racontaient bien plus que ce que vous imaginez ?Loin d\u2019\u00eatre un simple organe de vision, l\u2019iris est une v\u00e9ritable carte d\u2019identit\u00e9 int\u00e9rieure, o\u00f9 s\u2019impriment vos forces, vos faiblesses, vos pr\u00e9dispositions, vos zones de tension\u2026 mais aussi votre vitalit\u00e9. L\u2019iridologie est une m\u00e9thode <a class=\"read-more\" href=\"https:\/\/naturophelie.be\/?page_id=318\">READ MORE<\/a><\/p>\n","protected":false},"author":1,"featured_media":0,"parent":0,"menu_order":0,"comment_status":"closed","ping_status":"closed","template":"","meta":{"footnotes":""},"class_list":["post-318","page","type-page","status-publish","hentry"],"_links":{"self":[{"href":"https:\/\/naturophelie.be\/index.php?rest_route=\/wp\/v2\/pages\/318","targetHints":{"allow":["GET"]}}],"collection":[{"href":"https:\/\/naturophelie.be\/index.php?rest_route=\/wp\/v2\/pages"}],"about":[{"href":"https:\/\/naturophelie.be\/index.php?rest_route=\/wp\/v2\/types\/page"}],"author":[{"embeddable":true,"href":"https:\/\/naturophelie.be\/index.php?rest_route=\/wp\/v2\/users\/1"}],"replies":[{"embeddable":true,"href":"https:\/\/naturophelie.be\/index.php?rest_route=%2Fwp%2Fv2%2Fcomments&post=318"}],"version-history":[{"count":12,"href":"https:\/\/naturophelie.be\/index.php?rest_route=\/wp\/v2\/pages\/318\/revisions"}],"predecessor-version":[{"id":581,"href":"https:\/\/naturophelie.be\/index.php?rest_route=\/wp\/v2\/pages\/318\/revisions\/581"}],"wp:attachment":[{"href":"https:\/\/naturophelie.be\/index.php?rest_route=%2Fwp%2Fv2%2Fmedia&parent=318"}],"curies":[{"name":"wp","href":"https:\/\/api.w.org\/{rel}","templated":true}]}}