{"id":317,"date":"2025-08-01T22:58:13","date_gmt":"2025-08-01T20:58:13","guid":{"rendered":"https:\/\/naturophelie.be\/?page_id=317"},"modified":"2025-08-01T23:17:10","modified_gmt":"2025-08-01T21:17:10","slug":"lunchbox-et-batchcooking","status":"publish","type":"page","link":"https:\/\/naturophelie.be\/?page_id=317","title":{"rendered":"Lunchbox et batchcooking"},"content":{"rendered":"\n<p>\ud83c\udf31 Atelier \u00ab\u00a0Lunchbox simple, saine et savoureuse\u00a0\u00bb<\/p>\n\n\n\n<p>Vous r\u00eavez de lunchs \u00e9quilibr\u00e9s, savoureux et rapides \u00e0 pr\u00e9parer pour vos journ\u00e9es bien remplies ? Cet atelier est fait pour vous !<\/p>\n\n\n\n<p>Rejoignez-moi pour une session pratique et inspirante autour du <strong>batchcooking sp\u00e9cial lunchbox<\/strong>. Je vous guide pas \u00e0 pas pour composer vos repas de la semaine, dans une ambiance conviviale et gourmande.<\/p>\n\n\n\n<h3 class=\"wp-block-heading\">Ce que vous allez d\u00e9couvrir :<\/h3>\n\n\n\n<ul class=\"wp-block-list\">\n<li>Comment composer des lunchs <strong>\u00e9quilibr\u00e9s et anti-inflammatoires<\/strong><\/li>\n\n\n\n<li>Les bases de la <strong>chrono-nutrition<\/strong> : manger les bons aliments au bon moment<\/li>\n\n\n\n<li>Des <strong>astuces \u00ab\u00a0gain de temps\u00a0\u00bb<\/strong> pour cuisiner efficacement sans stress<\/li>\n\n\n\n<li>Des id\u00e9es de <strong>recettes v\u00e9g\u00e9tales, nourrissantes et pleines de peps<\/strong><\/li>\n<\/ul>\n\n\n\n<h3 class=\"wp-block-heading\">Objectif ?<\/h3>\n\n\n\n<p>Vous rendre <strong>autonome, inspir\u00e9\u00b7e et motiv\u00e9\u00b7e<\/strong> \u00e0 pr\u00e9parer des repas bons pour votre sant\u00e9\u2026 et votre moral !<\/p>\n\n\n\n<h3 class=\"wp-block-heading\">Vous repartez avec :<\/h3>\n\n\n\n<p>Une bonne dose d\u2019\u00e9nergie et des <strong>papilles en \u00e9veil !<\/strong><\/p>\n\n\n\n<p>Un plan de batchcooking \u00e0 refaire chez vous<\/p>\n\n\n\n<p>Des <strong>fiches recettes<\/strong> et des id\u00e9es de combinaisons vari\u00e9es<\/p>\n","protected":false},"excerpt":{"rendered":"<p>\ud83c\udf31 Atelier \u00ab\u00a0Lunchbox simple, saine et savoureuse\u00a0\u00bb Vous r\u00eavez de lunchs \u00e9quilibr\u00e9s, savoureux et rapides \u00e0 pr\u00e9parer pour vos journ\u00e9es bien remplies ? Cet atelier est fait pour vous ! Rejoignez-moi pour une session pratique et inspirante autour du batchcooking sp\u00e9cial lunchbox. Je vous guide pas \u00e0 pas pour composer vos repas de la semaine, <a class=\"read-more\" href=\"https:\/\/naturophelie.be\/?page_id=317\">READ MORE<\/a><\/p>\n","protected":false},"author":1,"featured_media":0,"parent":0,"menu_order":0,"comment_status":"closed","ping_status":"closed","template":"","meta":{"footnotes":""},"class_list":["post-317","page","type-page","status-publish","hentry"],"_links":{"self":[{"href":"https:\/\/naturophelie.be\/index.php?rest_route=\/wp\/v2\/pages\/317","targetHints":{"allow":["GET"]}}],"collection":[{"href":"https:\/\/naturophelie.be\/index.php?rest_route=\/wp\/v2\/pages"}],"about":[{"href":"https:\/\/naturophelie.be\/index.php?rest_route=\/wp\/v2\/types\/page"}],"author":[{"embeddable":true,"href":"https:\/\/naturophelie.be\/index.php?rest_route=\/wp\/v2\/users\/1"}],"replies":[{"embeddable":true,"href":"https:\/\/naturophelie.be\/index.php?rest_route=%2Fwp%2Fv2%2Fcomments&post=317"}],"version-history":[{"count":3,"href":"https:\/\/naturophelie.be\/index.php?rest_route=\/wp\/v2\/pages\/317\/revisions"}],"predecessor-version":[{"id":360,"href":"https:\/\/naturophelie.be\/index.php?rest_route=\/wp\/v2\/pages\/317\/revisions\/360"}],"wp:attachment":[{"href":"https:\/\/naturophelie.be\/index.php?rest_route=%2Fwp%2Fv2%2Fmedia&parent=317"}],"curies":[{"name":"wp","href":"https:\/\/api.w.org\/{rel}","templated":true}]}}