{"id":316,"date":"2025-08-01T22:58:13","date_gmt":"2025-08-01T20:58:13","guid":{"rendered":"https:\/\/naturophelie.be\/?page_id=316"},"modified":"2025-08-02T02:28:50","modified_gmt":"2025-08-02T00:28:50","slug":"gouters-et-collations-saines","status":"publish","type":"page","link":"https:\/\/naturophelie.be\/?page_id=316","title":{"rendered":"Go\u00fbters et collations saines"},"content":{"rendered":"\n<h2 class=\"wp-block-heading\">\ud83c\udf6b Atelier \u00ab\u00a0Go\u00fbters malins pour petits et grands\u00a0\u00bb (Duo Parent-Enfant)<\/h2>\n\n\n\n<p>Et si le go\u00fbter devenait un <strong>moment complice et joyeux<\/strong> en famille ? Venez partager une bulle de douceur avec votre enfant et repartez avec des id\u00e9es simples, saines et gourmandes \u00e0 refaire \u00e0 la maison.<\/p>\n\n\n\n<h3 class=\"wp-block-heading\">Ce que vous allez vivre :<\/h3>\n\n\n\n<ul class=\"wp-block-list\">\n<li>Pr\u00e9paration de <strong>recettes ludiques, naturelles et pleines de go\u00fbt<\/strong><\/li>\n\n\n\n<li>Alternatives aux go\u00fbters industriels : sans prise de t\u00eate, mais riches en saveurs<\/li>\n\n\n\n<li>Astuces pour <strong>impliquer les enfants en cuisine<\/strong> et \u00e9veiller leur curiosit\u00e9<\/li>\n\n\n\n<li>Focus sur des <strong>ingr\u00e9dients bruts, locaux et de saison<\/strong><\/li>\n\n\n\n<li>Une approche <strong>bienveillante et \u00e9ducative<\/strong> de l\u2019alimentation<\/li>\n<\/ul>\n\n\n\n<h3 class=\"wp-block-heading\">Pour qui ?<\/h3>\n\n\n\n<p>Les <strong>duos parent\/enfant<\/strong> (aucun pr\u00e9requis n\u00e9cessaire)<\/p>\n\n\n\n<h3 class=\"wp-block-heading\">Vous repartez avec :<\/h3>\n\n\n\n<ul class=\"wp-block-list\">\n<li>Des fiches recettes<\/li>\n\n\n\n<li>De la bonne humeur<\/li>\n\n\n\n<li>Et s\u00fbrement un peu de chocolat\u2026 mais en version saine \ud83d\ude09<\/li>\n<\/ul>\n\n\n","protected":false},"excerpt":{"rendered":"<p>\ud83c\udf6b Atelier \u00ab\u00a0Go\u00fbters malins pour petits et grands\u00a0\u00bb (Duo Parent-Enfant) Et si le go\u00fbter devenait un moment complice et joyeux en famille ? Venez partager une bulle de douceur avec votre enfant et repartez avec des id\u00e9es simples, saines et gourmandes \u00e0 refaire \u00e0 la maison. Ce que vous allez vivre : Pour qui ? <a class=\"read-more\" href=\"https:\/\/naturophelie.be\/?page_id=316\">READ MORE<\/a><\/p>\n","protected":false},"author":1,"featured_media":0,"parent":0,"menu_order":0,"comment_status":"closed","ping_status":"closed","template":"","meta":{"footnotes":""},"class_list":["post-316","page","type-page","status-publish","hentry"],"_links":{"self":[{"href":"https:\/\/naturophelie.be\/index.php?rest_route=\/wp\/v2\/pages\/316","targetHints":{"allow":["GET"]}}],"collection":[{"href":"https:\/\/naturophelie.be\/index.php?rest_route=\/wp\/v2\/pages"}],"about":[{"href":"https:\/\/naturophelie.be\/index.php?rest_route=\/wp\/v2\/types\/page"}],"author":[{"embeddable":true,"href":"https:\/\/naturophelie.be\/index.php?rest_route=\/wp\/v2\/users\/1"}],"replies":[{"embeddable":true,"href":"https:\/\/naturophelie.be\/index.php?rest_route=%2Fwp%2Fv2%2Fcomments&post=316"}],"version-history":[{"count":4,"href":"https:\/\/naturophelie.be\/index.php?rest_route=\/wp\/v2\/pages\/316\/revisions"}],"predecessor-version":[{"id":450,"href":"https:\/\/naturophelie.be\/index.php?rest_route=\/wp\/v2\/pages\/316\/revisions\/450"}],"wp:attachment":[{"href":"https:\/\/naturophelie.be\/index.php?rest_route=%2Fwp%2Fv2%2Fmedia&parent=316"}],"curies":[{"name":"wp","href":"https:\/\/api.w.org\/{rel}","templated":true}]}}