{"id":314,"date":"2025-08-01T22:58:13","date_gmt":"2025-08-01T20:58:13","guid":{"rendered":"https:\/\/naturophelie.be\/?page_id=314"},"modified":"2025-08-01T23:27:54","modified_gmt":"2025-08-01T21:27:54","slug":"pharmacie-au-naturel","status":"publish","type":"page","link":"https:\/\/naturophelie.be\/?page_id=314","title":{"rendered":"Pharmacie au naturel"},"content":{"rendered":"\n<h2 class=\"wp-block-heading\">\ud83c\udf3f Atelier \u00ab\u00a0Compose ta trousse de voyage naturelle\u00a0\u00bb<\/h2>\n\n\n\n<p>L\u2019\u00e9t\u00e9 arrive&#8230; avec lui l\u2019envie de bouger, de s\u2019\u00e9vader, de voyager l\u00e9ger\u2026 mais <strong>bien \u00e9quip\u00e9\u00b7e<\/strong> \ud83c\udf1e<br>Et si cette ann\u00e9e, tu pr\u00e9parais une <strong>pharmacie naturelle de voyage<\/strong> aussi efficace que respectueuse de ta sant\u00e9 et de la plan\u00e8te ?<\/p>\n\n\n\n<p>Cet atelier est l\u2019occasion de d\u00e9couvrir et de cr\u00e9er ta trousse id\u00e9ale : simple, polyvalente, naturelle\u2026 et surtout adapt\u00e9e \u00e0 toi !<\/p>\n\n\n\n<h3 class=\"wp-block-heading\">\ud83d\udd0d Ce que tu vas apprendre :<\/h3>\n\n\n\n<ul class=\"wp-block-list\">\n<li>Une introduction aux <strong>rem\u00e8des essentiels<\/strong> \u00e0 avoir sous la main :<br>\u2192 huiles essentielles, argile verte, charbon actif, probiotiques\u2026<\/li>\n\n\n\n<li>Leurs <strong>bienfaits<\/strong>, les <strong>pr\u00e9cautions d\u2019usage<\/strong> et les situations dans lesquelles ils sont utiles<\/li>\n\n\n\n<li>Comment bien choisir et <strong>utiliser ces rem\u00e8des en toute autonomie<\/strong><\/li>\n<\/ul>\n\n\n\n<h3 class=\"wp-block-heading\">\u270b Ce que tu vas faire :<\/h3>\n\n\n\n<ul class=\"wp-block-list\">\n<li><strong>Fabrication de plusieurs pr\u00e9parations naturelles<\/strong> pr\u00eates \u00e0 glisser dans ta valise<\/li>\n\n\n\n<li>\u00c9changes personnalis\u00e9s, r\u00e9ponses \u00e0 tes questions, et partage d\u2019exp\u00e9riences<\/li>\n<\/ul>\n\n\n\n<h3 class=\"wp-block-heading\">\ud83c\udf81 Tu repars avec :<\/h3>\n\n\n\n<ul class=\"wp-block-list\">\n<li>Tes <strong>propres produits maison<\/strong> r\u00e9alis\u00e9s pendant l\u2019atelier<\/li>\n\n\n\n<li>Des <strong>fiches pratiques<\/strong> pour te guider au quotidien<\/li>\n\n\n\n<li>Et surtout, <strong>la confiance<\/strong> pour voyager en toute s\u00e9r\u00e9nit\u00e9, naturellement<\/li>\n<\/ul>\n\n\n\n<p>Un moment de partage, concret et accessible, pour prendre soin de toi m\u00eame loin de chez toi \ud83c\udf0d<\/p>\n\n\n\n<p><\/p>\n","protected":false},"excerpt":{"rendered":"<p>\ud83c\udf3f Atelier \u00ab\u00a0Compose ta trousse de voyage naturelle\u00a0\u00bb L\u2019\u00e9t\u00e9 arrive&#8230; avec lui l\u2019envie de bouger, de s\u2019\u00e9vader, de voyager l\u00e9ger\u2026 mais bien \u00e9quip\u00e9\u00b7e \ud83c\udf1eEt si cette ann\u00e9e, tu pr\u00e9parais une pharmacie naturelle de voyage aussi efficace que respectueuse de ta sant\u00e9 et de la plan\u00e8te ? Cet atelier est l\u2019occasion de d\u00e9couvrir et de cr\u00e9er <a class=\"read-more\" href=\"https:\/\/naturophelie.be\/?page_id=314\">READ MORE<\/a><\/p>\n","protected":false},"author":1,"featured_media":0,"parent":0,"menu_order":0,"comment_status":"closed","ping_status":"closed","template":"","meta":{"footnotes":""},"class_list":["post-314","page","type-page","status-publish","hentry"],"_links":{"self":[{"href":"https:\/\/naturophelie.be\/index.php?rest_route=\/wp\/v2\/pages\/314","targetHints":{"allow":["GET"]}}],"collection":[{"href":"https:\/\/naturophelie.be\/index.php?rest_route=\/wp\/v2\/pages"}],"about":[{"href":"https:\/\/naturophelie.be\/index.php?rest_route=\/wp\/v2\/types\/page"}],"author":[{"embeddable":true,"href":"https:\/\/naturophelie.be\/index.php?rest_route=\/wp\/v2\/users\/1"}],"replies":[{"embeddable":true,"href":"https:\/\/naturophelie.be\/index.php?rest_route=%2Fwp%2Fv2%2Fcomments&post=314"}],"version-history":[{"count":3,"href":"https:\/\/naturophelie.be\/index.php?rest_route=\/wp\/v2\/pages\/314\/revisions"}],"predecessor-version":[{"id":366,"href":"https:\/\/naturophelie.be\/index.php?rest_route=\/wp\/v2\/pages\/314\/revisions\/366"}],"wp:attachment":[{"href":"https:\/\/naturophelie.be\/index.php?rest_route=%2Fwp%2Fv2%2Fmedia&parent=314"}],"curies":[{"name":"wp","href":"https:\/\/api.w.org\/{rel}","templated":true}]}}