{"id":312,"date":"2025-08-01T22:58:13","date_gmt":"2025-08-01T20:58:13","guid":{"rendered":"https:\/\/naturophelie.be\/?page_id=312"},"modified":"2026-03-11T12:18:26","modified_gmt":"2026-03-11T11:18:26","slug":"agenda-des-prochains-ateliers","status":"publish","type":"page","link":"https:\/\/naturophelie.be\/?page_id=312","title":{"rendered":"Agenda des prochains ateliers"},"content":{"rendered":"\n<figure class=\"wp-block-image size-large is-resized\"><img loading=\"lazy\" decoding=\"async\" width=\"576\" height=\"1024\" src=\"https:\/\/naturophelie.be\/wp-content\/uploads\/2026\/03\/signet-dates-ateliers-2026.pdf-3-1-576x1024.png\" alt=\"\" class=\"wp-image-597\" style=\"width:451px;height:auto\" srcset=\"https:\/\/naturophelie.be\/wp-content\/uploads\/2026\/03\/signet-dates-ateliers-2026.pdf-3-1-576x1024.png 576w, https:\/\/naturophelie.be\/wp-content\/uploads\/2026\/03\/signet-dates-ateliers-2026.pdf-3-1-169x300.png 169w, https:\/\/naturophelie.be\/wp-content\/uploads\/2026\/03\/signet-dates-ateliers-2026.pdf-3-1-768x1365.png 768w, https:\/\/naturophelie.be\/wp-content\/uploads\/2026\/03\/signet-dates-ateliers-2026.pdf-3-1-864x1536.png 864w, https:\/\/naturophelie.be\/wp-content\/uploads\/2026\/03\/signet-dates-ateliers-2026.pdf-3-1.png 1080w\" sizes=\"auto, (max-width: 576px) 100vw, 576px\" \/><\/figure>\n\n\n\n<p><strong>\ud83c\udf31<\/strong> <em>Atelier \u201c<a href=\"https:\/\/naturophelie.be\/?page_id=311\">Lactofermentation<\/a>\u201d<\/em><\/p>\n\n\n\n<ul class=\"wp-block-list\">\n<li><em>Sam <\/em>18\/04\/26 &#8211; <em>de 14 \u00e0 17h &#8211; Chez Lucienne, Ch\u00ean\u00e9e<\/em><\/li>\n<\/ul>\n\n\n\n<p><strong>\ud83d\udcab<\/strong> <em>Atelier \u201c<a href=\"https:\/\/naturophelie.be\/?page_id=313\">Jus de l\u00e9gumes<\/a>\u201d&nbsp;<\/em><\/p>\n\n\n\n<ul class=\"wp-block-list\">\n<li><em>Sam 30\/05\/26 &#8211; de 14h \u00e0 17h &#8211; Dille &amp; Kamille, Li\u00e8ge<\/em><\/li>\n<\/ul>\n\n\n\n<p>\ud83c\udf3e <em>Atelier \u201cPetits d\u00e9jeuners sains\u201d&nbsp;<\/em><\/p>\n\n\n\n<ul class=\"wp-block-list\">\n<li><em>Sam 16\/05\/26 &#8211; de 14h \u00e0 17h &#8211; Chez Blanche, Boncelles<\/em><\/li>\n<\/ul>\n\n\n\n<p>\ud83c\udf3e <em>Atelier \u201c<a href=\"https:\/\/naturophelie.be\/?page_id=317\">Lunchbox<\/a>\u201d&nbsp;<\/em><\/p>\n\n\n\n<ul class=\"wp-block-list\">\n<li><em>Sam 29\/08\/26 &#8211; de 14h \u00e0 17h &#8211; <em>Chez Lucienne, Ch\u00ean\u00e9e<\/em><\/em><\/li>\n<\/ul>\n\n\n\n<p><strong>\ud83c\udf38<\/strong> <em>Atelier \u201c<a href=\"https:\/\/naturophelie.be\/?page_id=316\">Go\u00fbters et collations saines<\/a>\u201d<\/em><\/p>\n\n\n\n<ul class=\"wp-block-list\">\n<li><em>coming soon<\/em><\/li>\n<\/ul>\n\n\n\n<p><strong>\ud83c\udf38<\/strong> <em>Atelier \u201cPharmacie (de voyage) au naturel\u201d<\/em><\/p>\n\n\n\n<ul class=\"wp-block-list\">\n<li><em>Sam 20\/06\/26 &#8211; de 14h \u00e0 17h &#8211; Chez Lucienne, Ch\u00ean\u00e9e<\/em><\/li>\n<\/ul>\n\n\n\n<p>Pour vous y inscrire, c&rsquo;est par <a href=\"https:\/\/calendly.com\/naturophelie-rdv\">ici<\/a> !<\/p>\n\n\n\n<p>Et aussi les Ateliers Batch Cooking que j&rsquo;anime pour Intradel &#8211; de 9h15 \u00e0 12h30 &#8211; Maison du Z\u00e9ro D\u00e9chet de Waremme &#8211; GRATUIT (Pour vous y inscrire, c&rsquo;est par <a href=\"https:\/\/www.intradel.be\/produire-moins-de-dechets\/les-maisons-zero-dechet-d-intradel\/maison-du-zero-dechet-waremme.htm?lng=fr\">ici<\/a>)<\/p>\n\n\n\n<p>N&rsquo;oubliez pas la possibilit\u00e9 d&rsquo;organiser ces ateliers (ou d&rsquo;autres) chez vous \u00e0 domicile ou dans votre entreprise ! N&rsquo;h\u00e9sitez pas \u00e0 me contacter \u00e0 ce propos!<\/p>\n","protected":false},"excerpt":{"rendered":"<p>\ud83c\udf31 Atelier \u201cLactofermentation\u201d \ud83d\udcab Atelier \u201cJus de l\u00e9gumes\u201d&nbsp; \ud83c\udf3e Atelier \u201cPetits d\u00e9jeuners sains\u201d&nbsp; \ud83c\udf3e Atelier \u201cLunchbox\u201d&nbsp; \ud83c\udf38 Atelier \u201cGo\u00fbters et collations saines\u201d \ud83c\udf38 Atelier \u201cPharmacie (de voyage) au naturel\u201d Pour vous y inscrire, c&rsquo;est par ici ! Et aussi les Ateliers Batch Cooking que j&rsquo;anime pour Intradel &#8211; de 9h15 \u00e0 12h30 &#8211; Maison du <a class=\"read-more\" href=\"https:\/\/naturophelie.be\/?page_id=312\">READ MORE<\/a><\/p>\n","protected":false},"author":1,"featured_media":0,"parent":0,"menu_order":0,"comment_status":"closed","ping_status":"closed","template":"","meta":{"footnotes":""},"class_list":["post-312","page","type-page","status-publish","hentry"],"_links":{"self":[{"href":"https:\/\/naturophelie.be\/index.php?rest_route=\/wp\/v2\/pages\/312","targetHints":{"allow":["GET"]}}],"collection":[{"href":"https:\/\/naturophelie.be\/index.php?rest_route=\/wp\/v2\/pages"}],"about":[{"href":"https:\/\/naturophelie.be\/index.php?rest_route=\/wp\/v2\/types\/page"}],"author":[{"embeddable":true,"href":"https:\/\/naturophelie.be\/index.php?rest_route=\/wp\/v2\/users\/1"}],"replies":[{"embeddable":true,"href":"https:\/\/naturophelie.be\/index.php?rest_route=%2Fwp%2Fv2%2Fcomments&post=312"}],"version-history":[{"count":12,"href":"https:\/\/naturophelie.be\/index.php?rest_route=\/wp\/v2\/pages\/312\/revisions"}],"predecessor-version":[{"id":598,"href":"https:\/\/naturophelie.be\/index.php?rest_route=\/wp\/v2\/pages\/312\/revisions\/598"}],"wp:attachment":[{"href":"https:\/\/naturophelie.be\/index.php?rest_route=%2Fwp%2Fv2%2Fmedia&parent=312"}],"curies":[{"name":"wp","href":"https:\/\/api.w.org\/{rel}","templated":true}]}}