{"id":237,"date":"2025-08-01T21:11:21","date_gmt":"2025-08-01T19:11:21","guid":{"rendered":"https:\/\/naturophelie.be\/?page_id=237"},"modified":"2025-08-05T21:36:34","modified_gmt":"2025-08-05T19:36:34","slug":"drainage-lymphatique-manuel","status":"publish","type":"page","link":"https:\/\/naturophelie.be\/?page_id=237","title":{"rendered":"Drainage lymphatique"},"content":{"rendered":"\n<h2 class=\"wp-block-heading\">\ud83d\udc50 Drainage lymphatique manuel \u2013 M\u00e9thode Vodder<\/h2>\n\n\n<div class=\"wp-block-image\">\n<figure class=\"alignleft size-large is-resized\"><img loading=\"lazy\" decoding=\"async\" width=\"1346\" height=\"1795\" src=\"https:\/\/naturophelie.be\/wp-content\/uploads\/2025\/08\/IMG-20250107-WA0004-edited.jpg\" alt=\"\" class=\"wp-image-541\" style=\"width:251px;height:auto\" srcset=\"https:\/\/naturophelie.be\/wp-content\/uploads\/2025\/08\/IMG-20250107-WA0004-edited.jpg 1346w, https:\/\/naturophelie.be\/wp-content\/uploads\/2025\/08\/IMG-20250107-WA0004-edited-225x300.jpg 225w, https:\/\/naturophelie.be\/wp-content\/uploads\/2025\/08\/IMG-20250107-WA0004-edited-768x1024.jpg 768w, https:\/\/naturophelie.be\/wp-content\/uploads\/2025\/08\/IMG-20250107-WA0004-edited-1152x1536.jpg 1152w\" sizes=\"auto, (max-width: 1346px) 100vw, 1346px\" \/><\/figure>\n<\/div>\n\n\n<p class=\"has-text-align-left\">Un soin doux, profond et r\u00e9g\u00e9n\u00e9rant, au service de votre circulation, de votre l\u00e9g\u00e8ret\u00e9 et de votre vitalit\u00e9.<\/p>\n\n\n\n<p class=\"has-text-align-left\">Le <strong>drainage lymphatique manuel<\/strong>, selon la m\u00e9thode du Dr. Vodder, est une technique de massage lente, rythm\u00e9e et tr\u00e8s pr\u00e9cise. Elle vise \u00e0 <strong>stimuler la circulation de la lymphe<\/strong>, ce liquide pr\u00e9cieux qui nettoie l\u2019organisme, soutient l\u2019immunit\u00e9 et favorise l\u2019\u00e9limination des toxines.<\/p>\n\n\n\n<p class=\"has-text-align-left\">C\u2019est un soin global, profond\u00e9ment apaisant, qui agit en douceur mais en profondeur sur de nombreux plans.<\/p>\n\n\n\n<p>Soulage les <strong>jambes lourdes<\/strong>, les <strong>gonflements<\/strong> ou la <strong>r\u00e9tention d\u2019eau<\/strong><\/p>\n\n\n\n<p>Favorise l\u2019\u00e9limination des <strong>d\u00e9chets m\u00e9taboliques<\/strong><\/p>\n\n\n\n<p>Stimule le <strong>syst\u00e8me immunitaire<\/strong><\/p>\n\n\n\n<p>Apaise le <strong>syst\u00e8me nerveux<\/strong><\/p>\n\n\n\n<p>Am\u00e9liore la <strong>qualit\u00e9 de la peau<\/strong> (acn\u00e9, teint terne, cicatrisation\u2026)<\/p>\n\n\n\n<h3 class=\"wp-block-heading\">Pour qui ?<\/h3>\n\n\n\n<p>Toute personne souhaitant :<\/p>\n\n\n\n<ul class=\"wp-block-list\">\n<li>D\u00e9toxifier en douceur son organisme<\/li>\n\n\n\n<li>Se sentir plus <strong>l\u00e9g\u00e8re<\/strong>, <strong>drain\u00e9e<\/strong>, <strong>\u00e9quilibr\u00e9e<\/strong><\/li>\n\n\n\n<li>Soutenir sa sant\u00e9 globale, en pr\u00e9ventif ou dans un cadre d\u2019accompagnement<\/li>\n<\/ul>\n\n\n\n<p>Ce soin est \u00e9galement adapt\u00e9 :<\/p>\n\n\n\n<ul class=\"wp-block-list\">\n<li>En cas de <strong>r\u00e9tention d\u2019eau<\/strong>, <strong>probl\u00e8mes circulatoires l\u00e9gers<\/strong><\/li>\n\n\n\n<li>En soutien lors de <strong>changements hormonaux<\/strong>, de <strong>fatigue chronique<\/strong> ou de <strong>convalescence<\/strong><\/li>\n\n\n\n<li>En pr\u00e9-op\u00e9ratoire, permet une <strong>meilleure r\u00e9cup\u00e9ration<\/strong><\/li>\n<\/ul>\n\n\n\n<h3 class=\"wp-block-heading\">\ud83d\udca7 En pratique :<\/h3>\n\n\n\n<p>\ud83d\udd52 <strong>Dur\u00e9e<\/strong> : entre <strong>50 et 80 minutes<\/strong><br>\ud83d\udcb0 <strong>Tarif<\/strong> : <strong>1 \u20ac\/minute<\/strong> \u2192 soit entre <strong>50 \u20ac et 80 \u20ac<\/strong><\/p>\n\n\n\n<p>Chaque s\u00e9ance est <strong>adapt\u00e9e \u00e0 vos besoins<\/strong>, \u00e0 votre confort et \u00e0 votre \u00e9tat g\u00e9n\u00e9ral du jour.<\/p>\n\n\n\n<p>\u2728 Un moment pour vous, pour relancer la fluidit\u00e9 du corps, apaiser l\u2019esprit et soutenir l\u2019\u00e9quilibre naturel de votre terrain.<\/p>\n\n\n\n<p>Prendre&nbsp;<a href=\"https:\/\/naturophelie.be\/?page_id=65\">RDV<\/a><br><br><\/p>\n","protected":false},"excerpt":{"rendered":"<p>\ud83d\udc50 Drainage lymphatique manuel \u2013 M\u00e9thode Vodder Un soin doux, profond et r\u00e9g\u00e9n\u00e9rant, au service de votre circulation, de votre l\u00e9g\u00e8ret\u00e9 et de votre vitalit\u00e9. Le drainage lymphatique manuel, selon la m\u00e9thode du Dr. Vodder, est une technique de massage lente, rythm\u00e9e et tr\u00e8s pr\u00e9cise. Elle vise \u00e0 stimuler la circulation de la lymphe, ce <a class=\"read-more\" href=\"https:\/\/naturophelie.be\/?page_id=237\">READ MORE<\/a><\/p>\n","protected":false},"author":1,"featured_media":0,"parent":0,"menu_order":0,"comment_status":"closed","ping_status":"closed","template":"","meta":{"footnotes":""},"class_list":["post-237","page","type-page","status-publish","hentry"],"_links":{"self":[{"href":"https:\/\/naturophelie.be\/index.php?rest_route=\/wp\/v2\/pages\/237","targetHints":{"allow":["GET"]}}],"collection":[{"href":"https:\/\/naturophelie.be\/index.php?rest_route=\/wp\/v2\/pages"}],"about":[{"href":"https:\/\/naturophelie.be\/index.php?rest_route=\/wp\/v2\/types\/page"}],"author":[{"embeddable":true,"href":"https:\/\/naturophelie.be\/index.php?rest_route=\/wp\/v2\/users\/1"}],"replies":[{"embeddable":true,"href":"https:\/\/naturophelie.be\/index.php?rest_route=%2Fwp%2Fv2%2Fcomments&post=237"}],"version-history":[{"count":32,"href":"https:\/\/naturophelie.be\/index.php?rest_route=\/wp\/v2\/pages\/237\/revisions"}],"predecessor-version":[{"id":542,"href":"https:\/\/naturophelie.be\/index.php?rest_route=\/wp\/v2\/pages\/237\/revisions\/542"}],"wp:attachment":[{"href":"https:\/\/naturophelie.be\/index.php?rest_route=%2Fwp%2Fv2%2Fmedia&parent=237"}],"curies":[{"name":"wp","href":"https:\/\/api.w.org\/{rel}","templated":true}]}}