{"id":235,"date":"2025-08-01T21:11:21","date_gmt":"2025-08-01T19:11:21","guid":{"rendered":"https:\/\/naturophelie.be\/?page_id=235"},"modified":"2025-08-02T02:30:18","modified_gmt":"2025-08-02T00:30:18","slug":"ateliers","status":"publish","type":"page","link":"https:\/\/naturophelie.be\/?page_id=235","title":{"rendered":"\ud83c\udf31 Mes Ateliers"},"content":{"rendered":"\n<p><em>Th\u00e9matiques diverses : lactofermentation,<\/em><em> jus de l\u00e9gumes, go\u00fbters et collations saines<\/em><em>, initiation \u00e0 la gemmoth\u00e9rapie, chrono<\/em><em>&#8211;<\/em><em>nutrition, gestion du stress\/sommeil, \u2026 <\/em><\/p>\n\n\n\n<p>Je vous propose divers ateliers dynamiques, dans une ambiance conviviale et d\u00e9contract\u00e9e, pour vous permettre d\u2019en apprendre plus sur la chrono-nutrition ; l\u2019alimentation \u00e9quilibr\u00e9e ; la gestion de nos \u00e9motions comme base \u00e0 la gestion de notre poids ; comment le stress, l\u2019alimentation et les autres piliers de notre hygi\u00e8ne&nbsp; de vie influencent notre immunit\u00e9, notre relation \u00e0 la nourriture, notre sommeil etc..&nbsp;<\/p>\n\n\n\n<p>Apr\u00e8s une premi\u00e8re prise de contact et un tour de table sur votre exp\u00e9rience et&nbsp; attente au regard de la th\u00e9matique abord\u00e9e, je vous parlerai de naturopathie, de ce&nbsp; qu\u2019elle peut apporter selon la th\u00e9matique qui nous occupe, et ensuite, nous pratiquerons et partagerons nos exp\u00e9riences respectives en la mati\u00e8re.&nbsp;<\/p>\n\n\n\n<p>Vous repartirez <strong>sensibilis\u00e9s et mieux inform\u00e9s <\/strong>sur la th\u00e9matique abord\u00e9e ; vous repartirez \u00e9galement avec les plats ou produits r\u00e9alis\u00e9s durant l\u2019atelier, mais surtout, vous repartirez <strong>confiants et autonomes <\/strong>dans cet aspect de prise en charge de votre sant\u00e9 au quotidien.&nbsp;<\/p>\n\n\n\n<p><em>35<\/em><em>-60 EUR pour 2h-3h d\u2019atelier en fonction des mati\u00e8res premi\u00e8res et support<\/em><em>s<\/em><em> \u00e0 <\/em><em>pr\u00e9parer pour les participants\u00a0<\/em><\/p>\n\n\n\n<p><em>Les ateliers peuvent \u00e9galement \u00eatre organis\u00e9s \u00e0 votre domicile ou dans votre entreprise pour un min de 5 personnes (45 eur\/pers, gratuit pour l\u2019h\u00f4te), max 8-10 pers en fonction de la place disponible; frais de d\u00e9placements offerts dans un rayon de 10 km autour de Jupille-sur-Meuse.<\/em><\/p>\n\n\n\n<p>Voir l&rsquo;<strong><em><a href=\"https:\/\/naturophelie.be\/?page_id=312\">Agenda des prochains ateliers<\/a><\/em><\/strong><\/p>\n\n\n\n<p><em> <\/em><\/p>\n\n\n\n<figure class=\"wp-block-image is-style-rounded\"><img loading=\"lazy\" decoding=\"async\" width=\"1024\" height=\"768\" src=\"https:\/\/naturophelie.be\/wp-content\/uploads\/2025\/08\/IMG_20241026_152259-1-1024x768.jpg\" alt=\"\" class=\"wp-image-346\" srcset=\"https:\/\/naturophelie.be\/wp-content\/uploads\/2025\/08\/IMG_20241026_152259-1-1024x768.jpg 1024w, https:\/\/naturophelie.be\/wp-content\/uploads\/2025\/08\/IMG_20241026_152259-1-300x225.jpg 300w, https:\/\/naturophelie.be\/wp-content\/uploads\/2025\/08\/IMG_20241026_152259-1-768x576.jpg 768w, https:\/\/naturophelie.be\/wp-content\/uploads\/2025\/08\/IMG_20241026_152259-1-1536x1152.jpg 1536w, https:\/\/naturophelie.be\/wp-content\/uploads\/2025\/08\/IMG_20241026_152259-1-2048x1536.jpg 2048w\" sizes=\"auto, (max-width: 1024px) 100vw, 1024px\" \/><\/figure>\n\n\n\n<p><\/p>\n\n\n\n<p><\/p>\n","protected":false},"excerpt":{"rendered":"<p>Th\u00e9matiques diverses : lactofermentation, jus de l\u00e9gumes, go\u00fbters et collations saines, initiation \u00e0 la gemmoth\u00e9rapie, chrono&#8211;nutrition, gestion du stress\/sommeil, \u2026 Je vous propose divers ateliers dynamiques, dans une ambiance conviviale et d\u00e9contract\u00e9e, pour vous permettre d\u2019en apprendre plus sur la chrono-nutrition ; l\u2019alimentation \u00e9quilibr\u00e9e ; la gestion de nos \u00e9motions comme base \u00e0 la gestion <a class=\"read-more\" href=\"https:\/\/naturophelie.be\/?page_id=235\">READ MORE<\/a><\/p>\n","protected":false},"author":1,"featured_media":0,"parent":0,"menu_order":0,"comment_status":"closed","ping_status":"closed","template":"","meta":{"footnotes":""},"class_list":["post-235","page","type-page","status-publish","hentry"],"_links":{"self":[{"href":"https:\/\/naturophelie.be\/index.php?rest_route=\/wp\/v2\/pages\/235","targetHints":{"allow":["GET"]}}],"collection":[{"href":"https:\/\/naturophelie.be\/index.php?rest_route=\/wp\/v2\/pages"}],"about":[{"href":"https:\/\/naturophelie.be\/index.php?rest_route=\/wp\/v2\/types\/page"}],"author":[{"embeddable":true,"href":"https:\/\/naturophelie.be\/index.php?rest_route=\/wp\/v2\/users\/1"}],"replies":[{"embeddable":true,"href":"https:\/\/naturophelie.be\/index.php?rest_route=%2Fwp%2Fv2%2Fcomments&post=235"}],"version-history":[{"count":10,"href":"https:\/\/naturophelie.be\/index.php?rest_route=\/wp\/v2\/pages\/235\/revisions"}],"predecessor-version":[{"id":451,"href":"https:\/\/naturophelie.be\/index.php?rest_route=\/wp\/v2\/pages\/235\/revisions\/451"}],"wp:attachment":[{"href":"https:\/\/naturophelie.be\/index.php?rest_route=%2Fwp%2Fv2%2Fmedia&parent=235"}],"curies":[{"name":"wp","href":"https:\/\/api.w.org\/{rel}","templated":true}]}}